{"id":5435,"date":"2025-08-04T15:11:36","date_gmt":"2025-08-04T13:11:36","guid":{"rendered":"https:\/\/relius.florianrauscher.com\/protezione-dei-dati\/"},"modified":"2025-09-25T19:20:05","modified_gmt":"2025-09-25T17:20:05","slug":"protezione-dei-dati","status":"publish","type":"page","link":"https:\/\/relius.florianrauscher.com\/it\/protezione-dei-dati\/","title":{"rendered":"Protezione dei dati"},"content":{"rendered":"\n<h2 class=\"wp-block-heading\">1. la protezione dei dati in sintesi<\/h2>\n\n<h3 class=\"wp-block-heading\">Informazioni generali<\/h3>\n\n<p>Le seguenti informazioni forniscono una semplice panoramica di ci\u00f2 che accade ai tuoi dati personali quando visiti questo sito web. Per dati personali si intendono tutti i dati che possono essere utilizzati per identificarti personalmente. Informazioni dettagliate sul tema della protezione dei dati sono disponibili nella nostra dichiarazione sulla protezione dei dati riportata sotto questo testo.  <\/p>\n\n<h3 class=\"wp-block-heading\">Raccolta di dati su questo sito web<\/h3>\n\n<h4 class=\"wp-block-heading\">Chi \u00e8 responsabile della raccolta dei dati su questo sito?<\/h4>\n\n<p>Il trattamento dei dati su questo sito web viene effettuato dal gestore del sito. Puoi trovare i dati di contatto dell&#8217;operatore nella sezione &#8220;Informazioni sul responsabile del trattamento&#8221; di questa informativa sulla privacy. <\/p>\n\n<h4 class=\"wp-block-heading\">Come raccogliamo i tuoi dati?<\/h4>\n\n<p>Da un lato, i tuoi dati vengono raccolti quando ce li fornisci. Ad esempio, i dati inseriti in un modulo di contatto. <\/p>\n\n<p>Altri dati vengono raccolti automaticamente o con il tuo consenso dai nostri sistemi informatici quando visiti il sito web. Si tratta principalmente di dati tecnici (ad es. browser internet, sistema operativo o tempo di visualizzazione della pagina). Questi dati vengono raccolti automaticamente non appena accedi al sito web.  <\/p>\n\n<h4 class=\"wp-block-heading\">Per cosa utilizziamo i tuoi dati?<\/h4>\n\n<p>Alcuni dati vengono raccolti per garantire che il sito web venga fornito senza errori. Altri dati possono essere utilizzati per analizzare il comportamento degli utenti. Se i contratti possono essere conclusi o avviati tramite il sito web, i dati trasmessi saranno elaborati anche per le offerte contrattuali, gli ordini o altre richieste di ordine.  <\/p>\n\n<h4 class=\"wp-block-heading\">Quali diritti hai in merito ai tuoi dati?<\/h4>\n\n<p>Hai il diritto di ricevere gratuitamente e in qualsiasi momento informazioni sull&#8217;origine, il destinatario e lo scopo dei tuoi dati personali memorizzati. Hai inoltre il diritto di richiedere la correzione o la cancellazione di tali dati. Se hai dato il tuo consenso al trattamento dei dati, puoi revocarlo in qualsiasi momento per il futuro. Hai anche il diritto di richiedere la limitazione del trattamento dei tuoi dati personali in determinate circostanze. Inoltre, hai il diritto di presentare un reclamo all&#8217;autorit\u00e0 di vigilanza competente.    <\/p>\n\n<p>Puoi contattarci in qualsiasi momento se hai ulteriori domande sul tema della protezione dei dati.<\/p>\n\n<h3 class=\"wp-block-heading\">Strumenti di analisi e strumenti di fornitori terzi<\/h3>\n\n<p>Quando visiti questo sito web, il tuo comportamento di navigazione pu\u00f2 essere valutato statisticamente. Questo viene fatto principalmente con i cosiddetti programmi di analisi. <\/p>\n\n<p>Informazioni dettagliate su questi programmi di analisi sono disponibili nella seguente informativa sulla privacy.<\/p>\n\n<h2 class=\"wp-block-heading\">2. hosting<\/h2>\n\n<p>Il contenuto del nostro sito web \u00e8 ospitato dal seguente provider:<\/p>\n\n<h3 class=\"wp-block-heading\">Hosting esterno<\/h3>\n\n<p>Questo sito web \u00e8 ospitato esternamente. I dati personali raccolti su questo sito web sono archiviati sui server dell&#8217;hoster. Tali dati possono includere indirizzi IP, richieste di contatto, dati meta e di comunicazione, dati contrattuali, dettagli di contatto, nomi, accessi al sito web e altri dati generati da un sito web.  <\/p>\n\n<p>L&#8217;hosting esterno viene effettuato ai fini dell&#8217;adempimento del contratto nei confronti dei nostri clienti potenziali ed esistenti (Art. 6 comma 1 lett. b GDPR) e nell&#8217;interesse di una fornitura sicura, veloce ed efficiente della nostra offerta online da parte di un fornitore professionale (Art. 6 comma 1 lett. f GDPR). Se \u00e8 stato richiesto un consenso corrispondente, il trattamento viene effettuato esclusivamente sulla base dell&#8217;art. 6 par. 1 lett. a GDPR e dell&#8217;art. 25 par. 1 TDDDG, nella misura in cui il consenso include la memorizzazione di cookie o l&#8217;accesso a informazioni nel dispositivo terminale dell&#8217;utente (ad es. fingerprinting del dispositivo) ai sensi del TDDDG. Il consenso pu\u00f2 essere revocato in qualsiasi momento.     <\/p>\n\n<p>I nostri host tratteranno i tuoi dati solo nella misura necessaria per adempiere agli obblighi di prestazione e seguire le nostre istruzioni in merito a tali dati.<\/p>\n\n<p>Utilizziamo i seguenti hoster:<\/p>\n\n<p>rackSPEED GmbH<br\/>In der Steele 35 \/\/ Connecta Park<br\/>40599 D\u00fcsseldorf<\/p>\n\n<h4 class=\"wp-block-heading\">Elaborazione dell&#8217;ordine<\/h4>\n\n<p>Abbiamo stipulato un accordo di trattamento dei dati (DPA) per l&#8217;utilizzo del servizio di cui sopra. Si tratta di un contratto prescritto dalla legge sulla protezione dei dati, che garantisce il trattamento dei dati personali dei visitatori del nostro sito web solo in conformit\u00e0 alle nostre istruzioni e nel rispetto del GDPR. <\/p>\n\n<h2 class=\"wp-block-heading\">3 Note generali e informazioni obbligatorie<\/h2>\n\n<h3 class=\"wp-block-heading\">Protezione dei dati<\/h3>\n\n<p>Gli operatori di queste pagine prendono molto sul serio la protezione dei tuoi dati personali. Trattiamo i tuoi dati personali in modo confidenziale e in conformit\u00e0 con le norme di legge sulla protezione dei dati e con la presente informativa sulla privacy. <\/p>\n\n<p>Quando utilizzi questo sito web, vengono raccolti diversi dati personali. I dati personali sono dati che possono essere utilizzati per identificarti personalmente. La presente informativa sulla privacy spiega quali dati raccogliamo e per quali scopi li utilizziamo. Spiega inoltre come e per quale scopo vengono raccolti.   <\/p>\n\n<p>Desideriamo sottolineare che la trasmissione dei dati su Internet (ad esempio quando si comunica via e-mail) pu\u00f2 essere soggetta a vulnerabilit\u00e0 di sicurezza. Non \u00e8 possibile proteggere completamente i dati dall&#8217;accesso di terzi. <\/p>\n\n<h3 class=\"wp-block-heading\">Nota sull&#8217;ente responsabile<\/h3>\n\n<p>Il responsabile del trattamento dei dati su questo sito web \u00e8<\/p>\n\n<p>RELIUS Farbenwerke GmbH<br\/>Heimertinger Str. 10<br\/>87700 Memmingen<\/p>\n\n<p>Telefono: 08331 103-0<br\/>E-mail: info@relius.de<\/p>\n\n<p>Il responsabile del trattamento \u00e8 la persona fisica o giuridica che, da sola o insieme ad altri, determina le finalit\u00e0 e i mezzi del trattamento dei dati personali (ad esempio nomi, indirizzi e-mail, ecc.).<\/p>\n\n<h3 class=\"wp-block-heading\">Durata della conservazione<\/h3>\n\n<p>A meno che non sia stato specificato un periodo di conservazione pi\u00f9 specifico nella presente informativa sulla privacy, i tuoi dati personali rimarranno presso di noi fino a quando lo scopo del trattamento dei dati non sar\u00e0 pi\u00f9 applicabile. Se fai valere una richiesta giustificata di cancellazione o revochi il tuo consenso al trattamento dei dati, i tuoi dati saranno cancellati a meno che non ci siano altri motivi legalmente consentiti per conservare i tuoi dati personali (ad esempio, periodi di conservazione previsti dalla legge fiscale o commerciale); in quest&#8217;ultimo caso, la cancellazione avverr\u00e0 dopo che tali motivi non saranno pi\u00f9 validi. <\/p>\n\n<h3 class=\"wp-block-heading\">Informazioni generali sulla base giuridica del trattamento dei dati su questo sito web<\/h3>\n\n<p>Se hai acconsentito al trattamento dei dati, trattiamo i tuoi dati personali sulla base dell&#8217;art. 6 par. 1 lett. a GDPR o dell&#8217;art. 9 par. 2 lett. a GDPR, nella misura in cui vengono trattate categorie particolari di dati ai sensi dell&#8217;art. 9 par. 1 GDPR. In caso di consenso esplicito al trasferimento dei dati personali a paesi terzi, il trattamento dei dati viene effettuato anche sulla base dell&#8217;art. 49 par. 1 lit. a GDPR. Se hai acconsentito alla memorizzazione di cookie o all&#8217;accesso alle informazioni nel tuo dispositivo finale (ad esempio tramite il fingerprinting del dispositivo), il trattamento dei dati viene effettuato anche in base all&#8217;Articolo 25 (1) TDDDG. Il consenso pu\u00f2 essere revocato in qualsiasi momento. Se i tuoi dati sono necessari per l&#8217;adempimento di un contratto o per l&#8217;attuazione di misure precontrattuali, trattiamo i tuoi dati in base all&#8217;art. 6, comma 1, lettera b del GDPR. Inoltre, trattiamo i tuoi dati se ci\u00f2 \u00e8 necessario per adempiere a un obbligo di legge ai sensi dell&#8217;art. 6 par. 1 lett. c GDPR. Il trattamento dei dati pu\u00f2 essere effettuato anche sulla base del nostro legittimo interesse ai sensi dell&#8217;art. 6 par. 1 lett. f GDPR. Le informazioni sulle basi giuridiche pertinenti in ogni singolo caso sono fornite nei paragrafi successivi della presente informativa sulla privacy.                     <\/p>\n\n<h3 class=\"wp-block-heading\">Responsabile della protezione dei dati<\/h3>\n\n<p>Abbiamo nominato un responsabile della protezione dei dati.<\/p>\n\n<p>Kevin Kanthak<br\/>PROSOL Lacke + Farben GmbH<br\/>Schneidm\u00fchlweg 12<br\/>63741 Aschaffenburg<\/p>\n\n<p>Telefono: +49 6021\/3480-129<br\/>E-mail: k.kanthak@prosol-farben.de<\/p>\n\n<h3 class=\"wp-block-heading\">Destinatari dei dati personali<\/h3>\n\n<p>Nell&#8217;ambito delle nostre attivit\u00e0 commerciali, collaboriamo con diverse organizzazioni esterne. In alcuni casi, \u00e8 necessario trasferire i dati personali a queste organizzazioni esterne. Trasmettiamo i dati personali a enti esterni solo se ci\u00f2 \u00e8 necessario per l&#8217;adempimento di un contratto, se siamo obbligati per legge a farlo (ad esempio, trasmettendo i dati alle autorit\u00e0 fiscali), se abbiamo un interesse legittimo al trasferimento in conformit\u00e0 con l&#8217;art. 6 par. 1 lett. f GDPR o se un&#8217;altra base giuridica consente il trasferimento dei dati. Quando utilizziamo dei responsabili del trattamento, trasmettiamo i dati personali dei nostri clienti solo sulla base di un contratto valido per l&#8217;elaborazione dell&#8217;ordine. In caso di elaborazione congiunta, viene stipulato un accordo di elaborazione congiunta.      <\/p>\n\n<h3 class=\"wp-block-heading\">Revoca del consenso al trattamento dei dati<\/h3>\n\n<p>Molte operazioni di trattamento dei dati sono possibili solo con il tuo consenso espresso. Puoi revocare il tuo consenso in qualsiasi momento. La legalit\u00e0 del trattamento dei dati effettuato fino alla revoca rimane inalterata.  <\/p>\n\n<h3 class=\"wp-block-heading\">Diritto di opporsi alla raccolta dei dati in casi particolari e al marketing diretto (Art. 21 GDPR)<\/h3>\n\n<p>SE IL TRATTAMENTO DEI DATI SI BASA SULL&#8217;ART. 6 ABS. 1 LIT. E O F DEL GDPR, HAI IL DIRITTO DI OPPORTI IN QUALSIASI MOMENTO AL TRATTAMENTO DEI TUOI DATI PERSONALI PER MOTIVI LEGATI ALLA TUA SITUAZIONE PARTICOLARE; CI\u00d2 VALE ANCHE PER LA PROFILAZIONE BASATA SU TALI DISPOSIZIONI. LE RISPETTIVE BASI GIURIDICHE SU CUI SI FONDA IL TRATTAMENTO SONO RIPORTATE NELLA PRESENTE INFORMATIVA SULLA PRIVACY. SE TI OPPONI, NON TRATTEREMO PI\u00d9 I TUOI DATI PERSONALI, A MENO CHE NON POSSIAMO DIMOSTRARE L&#8217;ESISTENZA DI MOTIVI LEGITTIMI E IMPELLENTI PER IL TRATTAMENTO CHE PREVALGONO SUI TUOI INTERESSI, DIRITTI E LIBERT\u00c0 O CHE IL TRATTAMENTO SERVE PER L&#8217;ACCERTAMENTO, L&#8217;ESERCIZIO O LA DIFESA DI DIRITTI LEGALI (OPPOSIZIONE AI SENSI DELL&#8217;ART. 21, PAR. 1 DEL GDPR).    <\/p>\n\n<p>SE I TUOI DATI PERSONALI SONO TRATTATI PER FINALIT\u00c0 DI MARKETING DIRETTO, HAI IL DIRITTO DI OPPORTI IN QUALSIASI MOMENTO AL TRATTAMENTO DEI DATI PERSONALI CHE TI RIGUARDANO PER TALI FINALIT\u00c0; CI\u00d2 VALE ANCHE PER LA PROFILAZIONE NELLA MISURA IN CUI \u00c8 CONNESSA A TALE MARKETING DIRETTO. SE TI OPPONI, I TUOI DATI PERSONALI NON SARANNO PI\u00d9 UTILIZZATI PER FINALIT\u00c0 DI MARKETING DIRETTO (OPPOSIZIONE AI SENSI DELL&#8217;ART. 21 PAR. 2 DEL GDPR). <\/p>\n\n<h3 class=\"wp-block-heading\">Diritto di proporre un reclamo all&#8217;autorit\u00e0 di vigilanza competente<\/h3>\n\n<p>In caso di violazioni del GDPR, gli interessati hanno il diritto di proporre reclamo a un&#8217;autorit\u00e0 di controllo, in particolare nello Stato membro in cui risiedono abitualmente, lavorano o in cui si \u00e8 verificata la presunta violazione. Il diritto di presentare un reclamo non pregiudica eventuali altri rimedi amministrativi o giudiziari. <\/p>\n\n<h3 class=\"wp-block-heading\">Diritto alla portabilit\u00e0 dei dati<\/h3>\n\n<p>Hai il diritto di ottenere che i dati che trattiamo automaticamente sulla base del tuo consenso o in adempimento di un contratto vengano consegnati a te o a una terza parte in un formato comunemente utilizzato e leggibile da una macchina. Se richiedi il trasferimento diretto dei dati a un altro titolare del trattamento, ci\u00f2 avverr\u00e0 solo nella misura in cui ci\u00f2 sia tecnicamente possibile. <\/p>\n\n<h3 class=\"wp-block-heading\">Informazioni, correzione e cancellazione<\/h3>\n\n<p>Nell&#8217;ambito delle disposizioni di legge applicabili, hai il diritto di ottenere in qualsiasi momento informazioni gratuite sui tuoi dati personali memorizzati, sulla loro origine e sul loro destinatario e sullo scopo del trattamento dei dati e, se necessario, il diritto alla correzione o alla cancellazione di tali dati. Puoi contattarci in qualsiasi momento se hai ulteriori domande sul tema dei dati personali. <\/p>\n\n<h3 class=\"wp-block-heading\">Diritto alla limitazione del trattamento<\/h3>\n\n<p>Hai il diritto di richiedere la limitazione del trattamento dei tuoi dati personali. Puoi contattarci in qualsiasi momento per farlo. Il diritto alla limitazione del trattamento esiste nei seguenti casi:  <\/p>\n\n<ul class=\"wp-block-list\">\n<li>Se contesti l&#8217;accuratezza dei tuoi dati personali da noi memorizzati, in genere abbiamo bisogno di tempo per verificarla. Per la durata della verifica, hai il diritto di richiedere la limitazione del trattamento dei tuoi dati personali. <\/li>\n\n\n\n<li>Se il trattamento dei tuoi dati personali era\/\u00e8 illegale, puoi richiedere la limitazione del trattamento dei dati invece della cancellazione.<\/li>\n\n\n\n<li>Se non abbiamo pi\u00f9 bisogno dei tuoi dati personali, ma ti servono per l&#8217;esercizio, la difesa o l&#8217;affermazione di diritti legali, hai il diritto di richiedere la limitazione del trattamento dei tuoi dati personali invece della loro cancellazione.<\/li>\n\n\n\n<li>Se hai presentato un&#8217;obiezione ai sensi dell&#8217;art. 21 (1) GDPR, \u00e8 necessario trovare un equilibrio tra i tuoi interessi e i nostri. Finch\u00e9 non sar\u00e0 stato stabilito quali interessi prevalgono, hai il diritto di richiedere la limitazione del trattamento dei tuoi dati personali.  <\/li>\n<\/ul>\n\n<p>Se hai limitato il trattamento dei tuoi dati personali, questi &#8211; a parte la loro conservazione &#8211; potranno essere trattati solo con il tuo consenso o per l&#8217;accertamento, l&#8217;esercizio o la difesa di diritti legali o per la tutela dei diritti di un&#8217;altra persona fisica o giuridica o per motivi di rilevante interesse pubblico dell&#8217;Unione Europea o di uno Stato membro.<\/p>\n\n<h3 class=\"wp-block-heading\">Crittografia SSL o TLS<\/h3>\n\n<p>Questo sito utilizza la crittografia SSL o TLS per motivi di sicurezza e per proteggere la trasmissione di contenuti riservati, come gli ordini o le richieste di informazioni che ci invii in qualit\u00e0 di gestore del sito. Puoi riconoscere una connessione crittografata dal fatto che la riga dell&#8217;indirizzo del browser passa da &#8220;http:\/\/&#8221; a &#8220;https:\/\/&#8221; e dal simbolo del lucchetto nella riga del browser. <\/p>\n\n<p>Se la crittografia SSL o TLS \u00e8 attivata, i dati che ci trasmetti non possono essere letti da terzi.<\/p>\n\n<h2 class=\"wp-block-heading\">4. raccolta di dati su questo sito web<\/h2>\n\n<h3 class=\"wp-block-heading\">Biscotti<\/h3>\n\n<p>Le nostre pagine Internet utilizzano i cosiddetti &#8220;cookie&#8221;. I cookie sono piccoli pacchetti di dati e non causano alcun danno al tuo dispositivo finale. Vengono memorizzati sul tuo dispositivo temporaneamente per la durata di una sessione (cookie di sessione) o permanentemente (cookie permanenti). I cookie di sessione vengono eliminati automaticamente al termine della visita. I cookie permanenti rimangono memorizzati sul tuo dispositivo finale finch\u00e9 non li cancelli tu stesso o finch\u00e9 non vengono eliminati automaticamente dal tuo browser web.    <\/p>\n\n<p>I cookie possono provenire da noi (cookie di prima parte) o da societ\u00e0 terze (i cosiddetti cookie di terze parti). I cookie di terze parti consentono l&#8217;integrazione di alcuni servizi di aziende terze all&#8217;interno dei siti web (ad esempio, i cookie per l&#8217;elaborazione dei servizi di pagamento). <\/p>\n\n<p>I cookie hanno diverse funzioni. Molti cookie sono tecnicamente necessari, in quanto alcune funzioni del sito web non potrebbero funzionare senza di essi (ad esempio la funzione del carrello della spesa o la visualizzazione dei video). Altri cookie possono essere utilizzati per analizzare il comportamento degli utenti o per scopi pubblicitari.  <\/p>\n\n<p>I cookie necessari per eseguire il processo di comunicazione elettronica, per fornire determinate funzioni richieste dall&#8217;utente (ad esempio, per la funzione del carrello della spesa) o per ottimizzare il sito web (ad esempio, i cookie per misurare l&#8217;audience del web) (cookie necessari) vengono memorizzati sulla base dell&#8217;art. 6 par. 1 lit. f GDPR, a meno che non venga specificata un&#8217;altra base giuridica. L&#8217;operatore del sito web ha un interesse legittimo nella memorizzazione dei cookie necessari per l&#8217;erogazione tecnicamente priva di errori e ottimizzata dei propri servizi. Se \u00e8 stato richiesto il consenso alla memorizzazione di cookie e tecnologie di riconoscimento comparabili, il trattamento viene effettuato esclusivamente sulla base di tale consenso (art. 6 par. 1 lett. a GDPR e \u00a7 25 par. 1 TDDDG); il consenso pu\u00f2 essere revocato in qualsiasi momento.    <\/p>\n\n<p>Puoi impostare il tuo browser in modo da essere informato sull&#8217;impostazione dei cookie e consentire i cookie solo in singoli casi, escludere l&#8217;accettazione dei cookie per determinati casi o in generale e attivare la cancellazione automatica dei cookie alla chiusura del browser. Se i cookie vengono disattivati, le funzionalit\u00e0 di questo sito web potrebbero essere limitate. <\/p>\n\n<p>Puoi scoprire quali sono i cookie e i servizi utilizzati da questo sito web nella presente informativa sulla privacy.<\/p>\n\n<h3 class=\"wp-block-heading\">Modulo di contatto<\/h3>\n\n<p>Se ci invii richieste di informazioni tramite il modulo di contatto, i tuoi dati dal modulo di richiesta, compresi i dati di contatto che ci fornisci, saranno conservati da noi allo scopo di elaborare la richiesta e in caso di domande successive. Non trasmetteremo questi dati senza il tuo consenso. <\/p>\n\n<p>Questi dati vengono elaborati sulla base dell&#8217;Art. 6 comma 1 lit. b GDPR se la tua richiesta \u00e8 legata all&#8217;adempimento di un contratto o \u00e8 necessaria per l&#8217;attuazione di misure precontrattuali. In tutti gli altri casi, il trattamento si basa sul nostro legittimo interesse all&#8217;effettivo trattamento delle richieste di informazioni che ci vengono rivolte (art. 6, par. 1, lett. f GDPR) o sul tuo consenso (art. 6, par. 1, lett. a GDPR) se questo \u00e8 stato richiesto; il consenso pu\u00f2 essere revocato in qualsiasi momento.   <\/p>\n\n<p>Conserveremo i dati da te forniti nel modulo di contatto fino a quando non ne richiederai la cancellazione, non revocherai il tuo consenso alla loro conservazione o non verr\u00e0 meno lo scopo per cui sono stati conservati (ad esempio, dopo aver soddisfatto la tua richiesta). Le disposizioni di legge obbligatorie, in particolare i periodi di conservazione, rimangono inalterate. <\/p>\n\n<h3 class=\"wp-block-heading\">Richiesta via e-mail, telefono o fax<\/h3>\n\n<p>Se ci contatti via e-mail, telefono o fax, la tua richiesta, compresi tutti i dati personali (nome, richiesta), verr\u00e0 memorizzata ed elaborata da noi allo scopo di elaborare la tua richiesta. Non trasmetteremo questi dati senza il tuo consenso. <\/p>\n\n<p>Questi dati vengono elaborati sulla base dell&#8217;Art. 6 comma 1 lit. b GDPR se la tua richiesta \u00e8 legata all&#8217;adempimento di un contratto o \u00e8 necessaria per l&#8217;attuazione di misure precontrattuali. In tutti gli altri casi, il trattamento si basa sul nostro legittimo interesse all&#8217;effettivo trattamento delle richieste di informazioni che ci vengono rivolte (art. 6, par. 1, lett. f GDPR) o sul tuo consenso (art. 6, par. 1, lett. a GDPR) se questo \u00e8 stato richiesto; il consenso pu\u00f2 essere revocato in qualsiasi momento.   <\/p>\n\n<p>I dati che ci invii tramite le richieste di contatto rimarranno presso di noi fino a quando non ci chiederai di cancellarli, non revocherai il tuo consenso alla conservazione o lo scopo della conservazione dei dati non sar\u00e0 pi\u00f9 valido (ad esempio, dopo che la tua richiesta \u00e8 stata elaborata). Le disposizioni di legge obbligatorie, in particolare i periodi di conservazione previsti dalla legge, rimangono inalterate. <\/p>\n\n<h3 class=\"wp-block-heading\">Hubspot CRM<\/h3>\n\n<p>Su questo sito web utilizziamo Hubspot CRM. Il fornitore \u00e8 Hubspot Inc. 25 Street, Cambridge, MA 02141 USA (di seguito Hubspot CRM).  <\/p>\n\n<p>Tra le altre cose, Hubspot CRM ci permette di gestire i clienti esistenti e potenziali e i contatti dei clienti. Con l&#8217;aiuto di Hubspot CRM, siamo in grado di registrare, ordinare e analizzare le interazioni dei clienti via e-mail, social media o telefono attraverso vari canali. I dati personali cos\u00ec raccolti possono essere analizzati e utilizzati per comunicare con i potenziali clienti o per azioni di marketing (ad es. invio di newsletter). Con Hubspot CRM, siamo anche in grado di registrare e analizzare il comportamento dei nostri contatti sul nostro sito web.   <\/p>\n\n<p>L&#8217;utilizzo di Hubspot CRM si basa sull&#8217;Art. 6 comma 1 lit. f GDPR. L&#8217;operatore del sito web ha un interesse legittimo alla gestione dei clienti e alla comunicazione con i clienti pi\u00f9 efficiente possibile. Se \u00e8 stato richiesto un consenso corrispondente, il trattamento viene effettuato esclusivamente sulla base dell&#8217;art. 6 par. 1 lett. a GDPR e del \u00a7 25 par. 1 TDDDG, nella misura in cui il consenso include la memorizzazione di cookie o l&#8217;accesso a informazioni nel dispositivo finale dell&#8217;utente (ad es. impronta digitale del dispositivo) ai sensi del TDDDG. Il consenso pu\u00f2 essere revocato in qualsiasi momento.        <\/p>\n\n<p>I dettagli sono disponibili nell&#8217;informativa sulla privacy di Hubspot: <a href=\"https:\/\/legal.hubspot.com\/de\/privacy-policy\" target=\"_blank\" rel=\"noreferrer noopener\">https:\/\/legal.hubspot.com\/de\/privacy-policy.<\/a><\/p>\n\n<p>Il trasferimento dei dati negli Stati Uniti si basa sulle clausole contrattuali standard della Commissione Europea. Puoi trovare i dettagli qui: <a href=\"https:\/\/www.hubspot.de\/data-privacy\/privacy-shield\" target=\"_blank\" rel=\"noreferrer noopener\">https:\/\/www.hubspot.de\/data-privacy\/privacy-shield.<\/a> <\/p>\n\n<p>L&#8217;azienda \u00e8 certificata in conformit\u00e0 con il &#8220;Data Privacy Framework UE-USA&#8221; (DPF). Il DPF \u00e8 un accordo tra l&#8217;Unione Europea e gli Stati Uniti volto a garantire il rispetto degli standard europei di protezione dei dati per l&#8217;elaborazione dei dati negli Stati Uniti. Ogni azienda certificata ai sensi del DPF si impegna a rispettare questi standard di protezione dei dati. Per ulteriori informazioni al riguardo, puoi rivolgerti al fornitore al seguente link: <a href=\"https:\/\/www.dataprivacyframework.gov\/participant\/5812\" target=\"_blank\" rel=\"noreferrer noopener\">https:\/\/www.dataprivacyframework.gov\/participant\/5812.<\/a>   <\/p>\n\n<h4 class=\"wp-block-heading\">Elaborazione dell&#8217;ordine<\/h4>\n\n<p>Abbiamo stipulato un accordo di trattamento dei dati (DPA) per l&#8217;utilizzo del servizio di cui sopra. Si tratta di un contratto prescritto dalla legge sulla protezione dei dati, che garantisce il trattamento dei dati personali dei visitatori del nostro sito web solo in conformit\u00e0 alle nostre istruzioni e nel rispetto del GDPR. <\/p>\n","protected":false},"excerpt":{"rendered":"<p>1. la protezione dei dati in sintesi Informazioni generali Le seguenti informazioni forniscono una semplice panoramica di ci\u00f2 che accade ai tuoi dati personali quando visiti questo sito web. Per dati personali si intendono tutti i dati che possono essere utilizzati per identificarti personalmente. Informazioni dettagliate sul tema della protezione dei dati sono disponibili nella [&hellip;]<\/p>\n","protected":false},"author":1,"featured_media":3935,"parent":0,"menu_order":0,"comment_status":"closed","ping_status":"closed","template":"","meta":{"_acf_changed":false,"content-type":"","footnotes":""},"class_list":["post-5435","page","type-page","status-publish","has-post-thumbnail","hentry"],"acf":[],"_links":{"self":[{"href":"https:\/\/relius.florianrauscher.com\/it\/wp-json\/wp\/v2\/pages\/5435","targetHints":{"allow":["GET"]}}],"collection":[{"href":"https:\/\/relius.florianrauscher.com\/it\/wp-json\/wp\/v2\/pages"}],"about":[{"href":"https:\/\/relius.florianrauscher.com\/it\/wp-json\/wp\/v2\/types\/page"}],"author":[{"embeddable":true,"href":"https:\/\/relius.florianrauscher.com\/it\/wp-json\/wp\/v2\/users\/1"}],"replies":[{"embeddable":true,"href":"https:\/\/relius.florianrauscher.com\/it\/wp-json\/wp\/v2\/comments?post=5435"}],"version-history":[{"count":3,"href":"https:\/\/relius.florianrauscher.com\/it\/wp-json\/wp\/v2\/pages\/5435\/revisions"}],"predecessor-version":[{"id":5450,"href":"https:\/\/relius.florianrauscher.com\/it\/wp-json\/wp\/v2\/pages\/5435\/revisions\/5450"}],"wp:featuredmedia":[{"embeddable":true,"href":"https:\/\/relius.florianrauscher.com\/it\/wp-json\/wp\/v2\/media\/3935"}],"wp:attachment":[{"href":"https:\/\/relius.florianrauscher.com\/it\/wp-json\/wp\/v2\/media?parent=5435"}],"curies":[{"name":"wp","href":"https:\/\/api.w.org\/{rel}","templated":true}]}}