{"id":5429,"date":"2025-08-21T12:53:05","date_gmt":"2025-08-21T10:53:05","guid":{"rendered":"https:\/\/relius.florianrauscher.com\/dichiarazione-sullaccessibilita\/"},"modified":"2025-09-25T19:20:27","modified_gmt":"2025-09-25T17:20:27","slug":"dichiarazione-di-accessibilita","status":"publish","type":"page","link":"https:\/\/relius.florianrauscher.com\/it\/dichiarazione-di-accessibilita\/","title":{"rendered":"Dichiarazione di accessibilit\u00e0"},"content":{"rendered":"\n<p>Nell&#8217;ambito della nostra dichiarazione di accessibilit\u00e0, desideriamo fornirti una panoramica sullo stato di compatibilit\u00e0 dei servizi descritti di seguito con i requisiti di accessibilit\u00e0 previsti dalla normativa vigente (in particolare dalla legge sul rafforzamento dell&#8217;accessibilit\u00e0 &#8211; BFSG).<\/p>\n\n<h3 class=\"wp-block-heading\">Dettagli del fornitore di servizi<\/h3>\n\n<p>RELIUS Farbenwerke GmbH<br\/>Heimertinger Stra\u00dfe, 10<br\/>87700 Memmingen<br\/>Baviera<\/p>\n\n<h3 class=\"wp-block-heading\">Descrizione generale del servizio<\/h3>\n\n<p>Vendita di pitture, vernici e sistemi di rivestimento attraverso la nostra presenza online www.relius.de, nonch\u00e9 consulenza e consigli sui prodotti per clienti commerciali e privati.<\/p>\n\n<h3 class=\"wp-block-heading\">Spiegazioni sull&#8217;implementazione del servizio<\/h3>\n\n<p>Il nostro sito web www.relius.de fornisce informazioni sulla nostra gamma di pitture, vernici, intonaci e altri sistemi di rivestimento.<br\/>Gli interessati, sia commerciali che privati, possono informarsi sui prodotti, consultare le schede tecniche o richiedere una consulenza personalizzata tramite i moduli di contatto e i nostri rappresentanti commerciali.<br\/><br\/>I clienti hanno anche la possibilit\u00e0 di iscriversi alla nostra newsletter per ricevere regolarmente aggiornamenti su nuovi prodotti, promozioni e informazioni specialistiche. Al momento non sono previste vendite dirette online: gli ordini e le consegne vengono effettuati tramite rivenditori specializzati o con la consulenza individuale del nostro personale di vendita. <\/p>\n\n<h3 class=\"wp-block-heading\">Stato di compatibilit\u00e0 con i requisiti<\/h3>\n\n<p>Il servizio di cui sopra \u00e8 parzialmente compatibile con la legge sul rafforzamento dell&#8217;accessibilit\u00e0 (BFSG).<\/p>\n\n<p>Le seguenti parti\/contenuti\/funzioni del servizio non sono accessibili:<\/p>\n\n<p>Le versioni in lingua italiana e olandese non sono attualmente completamente accessibili.<\/p>\n\n<h3 class=\"wp-block-heading\">Parti non accessibili del servizio &#8211; scadenze di implementazione<\/h3>\n\n<p>Stiamo cercando di adattare le versioni in lingua italiana e olandese del nostro sito web per soddisfare i requisiti di accessibilit\u00e0 entro la fine del 2025.<\/p>\n\n<h3 class=\"wp-block-heading\">Preparazione della dichiarazione di accessibilit\u00e0<\/h3>\n\n<p>Data di preparazione della dichiarazione di accessibilit\u00e0: 13\/06\/2025<br\/>Data dell&#8217;ultima revisione dei servizi sopra citati in relazione ai requisiti di accessibilit\u00e0: 13\/06\/2025<\/p>\n\n<h3 class=\"wp-block-heading\">Valutazione dello stato di accessibilit\u00e0<\/h3>\n\n<p>La valutazione del livello di accessibilit\u00e0 si basa sulla nostra autovalutazione.<\/p>\n\n<h3 class=\"wp-block-heading\">Opzione di feedback e dettagli di contatto<\/h3>\n\n<p>Indirizzo:<br\/>Heimertinger Str. 10, 87700 Memmingen<\/p>\n\n<p>E-mail: info@relius.de<\/p>\n\n<p>Telefono: 08331 103-0<\/p>\n\n<p>Link al sito web: <a href=\"https:\/\/www.relius.de\/\">https:\/\/www.relius.de\/<\/a><\/p>\n","protected":false},"excerpt":{"rendered":"<p>Nell&#8217;ambito della nostra dichiarazione di accessibilit\u00e0, desideriamo fornirti una panoramica sullo stato di compatibilit\u00e0 dei servizi descritti di seguito con i requisiti di accessibilit\u00e0 previsti dalla normativa vigente (in particolare dalla legge sul rafforzamento dell&#8217;accessibilit\u00e0 &#8211; BFSG). Dettagli del fornitore di servizi RELIUS Farbenwerke GmbHHeimertinger Stra\u00dfe, 1087700 MemmingenBaviera Descrizione generale del servizio Vendita di pitture, [&hellip;]<\/p>\n","protected":false},"author":1,"featured_media":0,"parent":0,"menu_order":0,"comment_status":"closed","ping_status":"closed","template":"","meta":{"_acf_changed":false,"content-type":"","footnotes":""},"class_list":["post-5429","page","type-page","status-publish","hentry"],"acf":[],"_links":{"self":[{"href":"https:\/\/relius.florianrauscher.com\/it\/wp-json\/wp\/v2\/pages\/5429","targetHints":{"allow":["GET"]}}],"collection":[{"href":"https:\/\/relius.florianrauscher.com\/it\/wp-json\/wp\/v2\/pages"}],"about":[{"href":"https:\/\/relius.florianrauscher.com\/it\/wp-json\/wp\/v2\/types\/page"}],"author":[{"embeddable":true,"href":"https:\/\/relius.florianrauscher.com\/it\/wp-json\/wp\/v2\/users\/1"}],"replies":[{"embeddable":true,"href":"https:\/\/relius.florianrauscher.com\/it\/wp-json\/wp\/v2\/comments?post=5429"}],"version-history":[{"count":3,"href":"https:\/\/relius.florianrauscher.com\/it\/wp-json\/wp\/v2\/pages\/5429\/revisions"}],"predecessor-version":[{"id":5451,"href":"https:\/\/relius.florianrauscher.com\/it\/wp-json\/wp\/v2\/pages\/5429\/revisions\/5451"}],"wp:attachment":[{"href":"https:\/\/relius.florianrauscher.com\/it\/wp-json\/wp\/v2\/media?parent=5429"}],"curies":[{"name":"wp","href":"https:\/\/api.w.org\/{rel}","templated":true}]}}